{"id":4732,"date":"2025-04-17T14:40:05","date_gmt":"2025-04-17T12:40:05","guid":{"rendered":"https:\/\/fabgroup.it\/cookie-richtlinie\/"},"modified":"2025-07-17T14:34:26","modified_gmt":"2025-07-17T12:34:26","slug":"cookie-richtlinie","status":"publish","type":"page","link":"https:\/\/fabgroup.it\/de\/cookie-richtlinie\/","title":{"rendered":"Cookie-Richtlinie"},"content":{"rendered":"\t\t<div data-elementor-type=\"wp-page\" data-elementor-id=\"4732\" class=\"elementor elementor-4732 elementor-4474\" data-elementor-post-type=\"page\">\n\t\t\t\t<div class=\"elementor-element elementor-element-2d6a2e0 e-con-full e-flex e-con e-parent\" data-id=\"2d6a2e0\" data-element_type=\"container\" data-e-type=\"container\">\n\t\t\t\t<div class=\"elementor-element elementor-element-95525b5 animated-slow elementor-invisible elementor-widget elementor-widget-heading\" data-id=\"95525b5\" data-element_type=\"widget\" data-e-type=\"widget\" data-settings=\"{&quot;_animation&quot;:&quot;fadeInUp&quot;}\" data-widget_type=\"heading.default\">\n\t\t\t\t\t<h1 class=\"elementor-heading-title elementor-size-default\">Cookie-Richtlinie<\/h1>\t\t\t\t<\/div>\n\t\t\t\t<div class=\"elementor-element elementor-element-d1128ed elementor-widget__width-initial policy animated-slow elementor-invisible elementor-widget elementor-widget-text-editor\" data-id=\"d1128ed\" data-element_type=\"widget\" data-e-type=\"widget\" data-settings=\"{&quot;_animation&quot;:&quot;fadeInUp&quot;}\" data-widget_type=\"text-editor.default\">\n\t\t\t\t\t\t\t\t\t<strong>Cookie-Richtlinie \u2013 Ausf\u00fchrliche Informationen<\/strong>\n<h2>Datenverantwortlicher<\/h2>\nDer Verantwortliche f\u00fcr die Verarbeitung personenbezogener Daten der Website <strong>Fabgroup.it<\/strong> ist <strong>F.A.B. SRL<\/strong>, die die Nutzer \u00fcber die Verwendung von Cookies zur Verbesserung der Benutzererfahrung informiert, gem\u00e4\u00df den Artikeln 13 und 122 des gesetzesvertretenden Dekrets Nr. 196\/2003 (\u201eDatenschutzkodex\u201c) sowie der Ma\u00dfnahme der italienischen Datenschutzbeh\u00f6rde Nr. 229 vom 8. Mai 2014. Diese Richtlinie gilt ausschlie\u00dflich f\u00fcr die Website <strong>Fabgroup.it<\/strong>. \n<h2>Was sind Cookies?<\/h2>\nCookies sind kleine Textdateien, die beim Besuch einer Website auf dem Ger\u00e4t des Nutzers gespeichert werden. Sie dienen haupts\u00e4chlich dazu, das Surferlebnis zu verbessern und bestimmte Funktionen der Website zu erm\u00f6glichen. \n\nDurch Cookies kann die Website:\n<ul>\n    <li>Eine effiziente Navigation gew\u00e4hrleisten;<\/li>\n    <li>Informationen \u00fcber die Nutzung der Website sammeln, um die angebotenen Dienste zu verbessern;<\/li>\n    <li>Benutzereinstellungen speichern (z.\u202fB. Benutzername oder Artikel im Warenkorb);<\/li>\n    <li>Das erneute Eingeben zuvor eingegebener Daten vermeiden.<\/li>\n<\/ul>\n<h3>Verwendete Arten von Cookies<\/h3>\n<strong>1. Technische Cookies<\/strong>\n\nTechnische Cookies sind f\u00fcr das ordnungsgem\u00e4\u00dfe Funktionieren der Website unerl\u00e4sslich. Sie erm\u00f6glichen es: \n<ul>\n    <li>die Website ordnungsgem\u00e4\u00df zu navigieren und zu nutzen;<\/li>\n    <li>Authentifizierungen durchzuf\u00fchren und Anmeldesitzungen zu verwalten;<\/li>\n    <li>Browsing-Einstellungen speichern.<\/li>\n<\/ul>\n<strong>2. Analytische Cookies<\/strong>\n\nWerden verwendet, um anonyme statistische Daten \u00fcber die Nutzung der Website zu sammeln. Diese Cookies erm\u00f6glichen es: \n<ul>\n    <li>die Leistung der Website zu \u00fcberwachen;<\/li>\n    <li>das Nutzerverhalten zu analysieren, um das Surferlebnis zu verbessern.<\/li>\n<\/ul>\n<strong>3. Profiling-Cookies<\/strong>\n\nDiese Cookies erstellen Nutzerprofile, um personalisierte Werbung basierend auf den beim Surfen gezeigten Pr\u00e4ferenzen zu senden. Diese Website verwendet keine eigenen Profiling-Cookies, kann jedoch Profiling-Cookies von Drittanbietern einbinden \n\n<strong>4. Cookies von Drittanbietern<\/strong>\n\nSie integrieren Funktionen von Drittanbietern in die Website (z. B. Social Widgets, Kommentarmodule). Diese Cookies k\u00f6nnen anonyme Daten \u00fcber die Nutzung der Website sammeln und Informationen an propriet\u00e4re Plattformen senden. \n<h2>Auf unserer Website verwendete Cookies<\/h2>\nUnten finden Sie eine ausf\u00fchrliche Tabelle der auf der Website verwendeten Cookies:\n<div class=\"cky-audit-table-element\"><\/div>\n<h2>Widerruf der Einwilligung<\/h2>\nSie k\u00f6nnen Ihre Einwilligung zur Verwendung von Cookies jederzeit \u00fcber den untenstehenden Button widerrufen:\n\n<a class=\"cky-banner-element\" href=\"#\">Cookie-Einstellungen &amp; Widerruf der Cookie-Einwilligung<\/a>\n\nDer Widerruf der Einwilligung kann einige Funktionen der Website einschr\u00e4nken, gew\u00e4hrleistet jedoch die Ber\u00fccksichtigung Ihrer Datenschutzpr\u00e4ferenzen.\n<h2>Verwaltung von Cookies<\/h2>\nNutzer k\u00f6nnen ihre Cookie-Einstellungen direkt \u00fcber die Browsereinstellungen verwalten. Das Deaktivieren von Cookies kann einige Funktionen der Website einschr\u00e4nken. Anleitungen zur Verwaltung von Cookies in den g\u00e4ngigsten Browsern finden Sie direkt im Einstellungsbereich des jeweiligen Browsers.  \n<h2>Rechte der betroffenen Person<\/h2>\nNutzer haben das Recht, ihre Rechte gem\u00e4\u00df Artikel 7 des Gesetzesdekrets 196\/2003 und den Artikeln 15\u201322 der Verordnung (EU) 2016\/679 (DSGVO) auszu\u00fcben. F\u00fcr weitere Informationen verweisen wir auf unsere <a href=\"https:\/\/fabgroup.it\/de\/datenschutzerklaerung\/\">Datenschutzerkl\u00e4rung.<\/a> \n\t\t\t\t\t\t\t\t<\/div>\n\t\t\t\t<\/div>\n\t\t\t\t<\/div>\n\t\t","protected":false},"excerpt":{"rendered":"<p>Cookie-Richtlinie Cookie-Richtlinie \u2013 Ausf\u00fchrliche Informationen Datenverantwortlicher Der Verantwortliche f\u00fcr die Verarbeitung personenbezogener Daten der Website Fabgroup.it ist F.A.B. SRL, die die Nutzer \u00fcber die Verwendung von Cookies zur Verbesserung der Benutzererfahrung informiert, gem\u00e4\u00df den Artikeln 13 und 122 des gesetzesvertretenden Dekrets Nr. 196\/2003 (\u201eDatenschutzkodex\u201c) sowie der Ma\u00dfnahme der italienischen Datenschutzbeh\u00f6rde Nr. 229 vom 8. Mai [&hellip;]<\/p>\n","protected":false},"author":1,"featured_media":0,"parent":0,"menu_order":0,"comment_status":"closed","ping_status":"closed","template":"","meta":{"inline_featured_image":false,"footnotes":""},"class_list":["post-4732","page","type-page","status-publish","hentry"],"yoast_head":"<!-- This site is optimized with the Yoast SEO plugin v27.3 - https:\/\/yoast.com\/product\/yoast-seo-wordpress\/ -->\n<title>Cookie-Richtlinie | Fabgroup.it | Erweiterte Cookie-Informationen<\/title>\n<meta name=\"description\" content=\"Erfahren Sie mehr \u00fcber unsere Cookie-Richtlinie. Fabgroup.it informiert die Nutzer \u00fcber die Verwendung von Cookies zur Verbesserung des Surferlebnisses, in \u00dcbereinstimmung mit den EU-Vorschriften. Verwalten Sie Ihre Cookie-Einstellungen und widerrufen Sie Ihre Einwilligung jederzeit.\" \/>\n<meta name=\"robots\" content=\"index, follow, max-snippet:-1, max-image-preview:large, max-video-preview:-1\" \/>\n<link rel=\"canonical\" href=\"https:\/\/fabgroup.it\/de\/cookie-richtlinie\/\" \/>\n<meta property=\"og:locale\" content=\"de_DE\" \/>\n<meta property=\"og:type\" content=\"article\" \/>\n<meta property=\"og:title\" content=\"Cookie-Richtlinie | Fabgroup.it | Erweiterte Cookie-Informationen\" \/>\n<meta property=\"og:description\" content=\"Erfahren Sie mehr \u00fcber unsere Cookie-Richtlinie. Fabgroup.it informiert die Nutzer \u00fcber die Verwendung von Cookies zur Verbesserung des Surferlebnisses, in \u00dcbereinstimmung mit den EU-Vorschriften. Verwalten Sie Ihre Cookie-Einstellungen und widerrufen Sie Ihre Einwilligung jederzeit.\" \/>\n<meta property=\"og:url\" content=\"https:\/\/fabgroup.it\/de\/cookie-richtlinie\/\" \/>\n<meta property=\"og:site_name\" content=\"Fab Group Srl\" \/>\n<meta property=\"article:modified_time\" content=\"2025-07-17T12:34:26+00:00\" \/>\n<meta name=\"twitter:card\" content=\"summary_large_image\" \/>\n<meta name=\"twitter:label1\" content=\"Gesch\u00e4tzte Lesezeit\" \/>\n\t<meta name=\"twitter:data1\" content=\"2\u00a0Minuten\" \/>\n<script type=\"application\/ld+json\" class=\"yoast-schema-graph\">{\"@context\":\"https:\\\/\\\/schema.org\",\"@graph\":[{\"@type\":\"WebPage\",\"@id\":\"https:\\\/\\\/fabgroup.it\\\/de\\\/cookie-richtlinie\\\/\",\"url\":\"https:\\\/\\\/fabgroup.it\\\/de\\\/cookie-richtlinie\\\/\",\"name\":\"Cookie-Richtlinie | Fabgroup.it | Erweiterte Cookie-Informationen\",\"isPartOf\":{\"@id\":\"https:\\\/\\\/fabgroup.it\\\/de\\\/#website\"},\"datePublished\":\"2025-04-17T12:40:05+00:00\",\"dateModified\":\"2025-07-17T12:34:26+00:00\",\"description\":\"Erfahren Sie mehr \u00fcber unsere Cookie-Richtlinie. Fabgroup.it informiert die Nutzer \u00fcber die Verwendung von Cookies zur Verbesserung des Surferlebnisses, in \u00dcbereinstimmung mit den EU-Vorschriften. Verwalten Sie Ihre Cookie-Einstellungen und widerrufen Sie Ihre Einwilligung jederzeit.\",\"breadcrumb\":{\"@id\":\"https:\\\/\\\/fabgroup.it\\\/de\\\/cookie-richtlinie\\\/#breadcrumb\"},\"inLanguage\":\"de\",\"potentialAction\":[{\"@type\":\"ReadAction\",\"target\":[\"https:\\\/\\\/fabgroup.it\\\/de\\\/cookie-richtlinie\\\/\"]}]},{\"@type\":\"BreadcrumbList\",\"@id\":\"https:\\\/\\\/fabgroup.it\\\/de\\\/cookie-richtlinie\\\/#breadcrumb\",\"itemListElement\":[{\"@type\":\"ListItem\",\"position\":1,\"name\":\"Home\",\"item\":\"https:\\\/\\\/fabgroup.it\\\/de\\\/startseite\\\/\"},{\"@type\":\"ListItem\",\"position\":2,\"name\":\"Cookie-Richtlinie\"}]},{\"@type\":\"WebSite\",\"@id\":\"https:\\\/\\\/fabgroup.it\\\/de\\\/#website\",\"url\":\"https:\\\/\\\/fabgroup.it\\\/de\\\/\",\"name\":\"Fab Group Srl\",\"description\":\"High-quality aluminum die casting for automotive, electric motors, and industrial sectors.\",\"potentialAction\":[{\"@type\":\"SearchAction\",\"target\":{\"@type\":\"EntryPoint\",\"urlTemplate\":\"https:\\\/\\\/fabgroup.it\\\/de\\\/?s={search_term_string}\"},\"query-input\":{\"@type\":\"PropertyValueSpecification\",\"valueRequired\":true,\"valueName\":\"search_term_string\"}}],\"inLanguage\":\"de\"}]}<\/script>\n<!-- \/ Yoast SEO plugin. -->","yoast_head_json":{"title":"Cookie-Richtlinie | Fabgroup.it | Erweiterte Cookie-Informationen","description":"Erfahren Sie mehr \u00fcber unsere Cookie-Richtlinie. Fabgroup.it informiert die Nutzer \u00fcber die Verwendung von Cookies zur Verbesserung des Surferlebnisses, in \u00dcbereinstimmung mit den EU-Vorschriften. Verwalten Sie Ihre Cookie-Einstellungen und widerrufen Sie Ihre Einwilligung jederzeit.","robots":{"index":"index","follow":"follow","max-snippet":"max-snippet:-1","max-image-preview":"max-image-preview:large","max-video-preview":"max-video-preview:-1"},"canonical":"https:\/\/fabgroup.it\/de\/cookie-richtlinie\/","og_locale":"de_DE","og_type":"article","og_title":"Cookie-Richtlinie | Fabgroup.it | Erweiterte Cookie-Informationen","og_description":"Erfahren Sie mehr \u00fcber unsere Cookie-Richtlinie. Fabgroup.it informiert die Nutzer \u00fcber die Verwendung von Cookies zur Verbesserung des Surferlebnisses, in \u00dcbereinstimmung mit den EU-Vorschriften. Verwalten Sie Ihre Cookie-Einstellungen und widerrufen Sie Ihre Einwilligung jederzeit.","og_url":"https:\/\/fabgroup.it\/de\/cookie-richtlinie\/","og_site_name":"Fab Group Srl","article_modified_time":"2025-07-17T12:34:26+00:00","twitter_card":"summary_large_image","twitter_misc":{"Gesch\u00e4tzte Lesezeit":"2\u00a0Minuten"},"schema":{"@context":"https:\/\/schema.org","@graph":[{"@type":"WebPage","@id":"https:\/\/fabgroup.it\/de\/cookie-richtlinie\/","url":"https:\/\/fabgroup.it\/de\/cookie-richtlinie\/","name":"Cookie-Richtlinie | Fabgroup.it | Erweiterte Cookie-Informationen","isPartOf":{"@id":"https:\/\/fabgroup.it\/de\/#website"},"datePublished":"2025-04-17T12:40:05+00:00","dateModified":"2025-07-17T12:34:26+00:00","description":"Erfahren Sie mehr \u00fcber unsere Cookie-Richtlinie. Fabgroup.it informiert die Nutzer \u00fcber die Verwendung von Cookies zur Verbesserung des Surferlebnisses, in \u00dcbereinstimmung mit den EU-Vorschriften. Verwalten Sie Ihre Cookie-Einstellungen und widerrufen Sie Ihre Einwilligung jederzeit.","breadcrumb":{"@id":"https:\/\/fabgroup.it\/de\/cookie-richtlinie\/#breadcrumb"},"inLanguage":"de","potentialAction":[{"@type":"ReadAction","target":["https:\/\/fabgroup.it\/de\/cookie-richtlinie\/"]}]},{"@type":"BreadcrumbList","@id":"https:\/\/fabgroup.it\/de\/cookie-richtlinie\/#breadcrumb","itemListElement":[{"@type":"ListItem","position":1,"name":"Home","item":"https:\/\/fabgroup.it\/de\/startseite\/"},{"@type":"ListItem","position":2,"name":"Cookie-Richtlinie"}]},{"@type":"WebSite","@id":"https:\/\/fabgroup.it\/de\/#website","url":"https:\/\/fabgroup.it\/de\/","name":"Fab Group Srl","description":"High-quality aluminum die casting for automotive, electric motors, and industrial sectors.","potentialAction":[{"@type":"SearchAction","target":{"@type":"EntryPoint","urlTemplate":"https:\/\/fabgroup.it\/de\/?s={search_term_string}"},"query-input":{"@type":"PropertyValueSpecification","valueRequired":true,"valueName":"search_term_string"}}],"inLanguage":"de"}]}},"_links":{"self":[{"href":"https:\/\/fabgroup.it\/de\/wp-json\/wp\/v2\/pages\/4732","targetHints":{"allow":["GET"]}}],"collection":[{"href":"https:\/\/fabgroup.it\/de\/wp-json\/wp\/v2\/pages"}],"about":[{"href":"https:\/\/fabgroup.it\/de\/wp-json\/wp\/v2\/types\/page"}],"author":[{"embeddable":true,"href":"https:\/\/fabgroup.it\/de\/wp-json\/wp\/v2\/users\/1"}],"replies":[{"embeddable":true,"href":"https:\/\/fabgroup.it\/de\/wp-json\/wp\/v2\/comments?post=4732"}],"version-history":[{"count":4,"href":"https:\/\/fabgroup.it\/de\/wp-json\/wp\/v2\/pages\/4732\/revisions"}],"predecessor-version":[{"id":4864,"href":"https:\/\/fabgroup.it\/de\/wp-json\/wp\/v2\/pages\/4732\/revisions\/4864"}],"wp:attachment":[{"href":"https:\/\/fabgroup.it\/de\/wp-json\/wp\/v2\/media?parent=4732"}],"curies":[{"name":"wp","href":"https:\/\/api.w.org\/{rel}","templated":true}]}}