{"id":4862,"date":"2025-02-13T07:37:20","date_gmt":"2025-02-13T05:37:20","guid":{"rendered":"https:\/\/fabgroup.it\/datenschutzerklaerung\/"},"modified":"2025-07-17T14:35:30","modified_gmt":"2025-07-17T12:35:30","slug":"datenschutzerklaerung","status":"publish","type":"page","link":"https:\/\/fabgroup.it\/de\/datenschutzerklaerung\/","title":{"rendered":"Datenschutzerkl\u00e4rung"},"content":{"rendered":"\t\t<div data-elementor-type=\"wp-page\" data-elementor-id=\"4862\" class=\"elementor elementor-4862 elementor-3\" data-elementor-post-type=\"page\">\n\t\t\t\t<div class=\"elementor-element elementor-element-77be8d59 e-con-full e-flex e-con e-parent\" data-id=\"77be8d59\" data-element_type=\"container\" data-e-type=\"container\">\n\t\t\t\t<div class=\"elementor-element elementor-element-5b867c2 animated-slow elementor-invisible elementor-widget elementor-widget-heading\" data-id=\"5b867c2\" data-element_type=\"widget\" data-e-type=\"widget\" data-settings=\"{&quot;_animation&quot;:&quot;fadeInUp&quot;}\" data-widget_type=\"heading.default\">\n\t\t\t\t\t<h1 class=\"elementor-heading-title elementor-size-default\">Datenschutzerkl\u00e4rung<\/h1>\t\t\t\t<\/div>\n\t\t\t\t<div class=\"elementor-element elementor-element-51ac5c71 elementor-widget__width-initial policy animated-slow elementor-invisible elementor-widget elementor-widget-text-editor\" data-id=\"51ac5c71\" data-element_type=\"widget\" data-e-type=\"widget\" data-settings=\"{&quot;_animation&quot;:&quot;fadeInUp&quot;}\" data-widget_type=\"text-editor.default\">\n\t\t\t\t\t\t\t\t\t<p><strong>Website:<\/strong> fabgroup.it<\/p>\n\n<p><strong>Datenverantwortlicher<\/strong>: F.A.B. SRL<\/p>\n\n<p><strong>Hauptsitz:<\/strong> Corso Mazzini, 36\/1 36071 Arzignano &#8211; VI &#8211; Italy<\/p>\n\n<p><strong>Umsatzsteuer-Identifikationsnummer:<\/strong> 01966710244<\/p>\n\n<p><strong>Letzte Aktualisierung:<\/strong> 25. Mai 2018<\/p>\n\n<p>Der Schutz Ihrer Privatsph\u00e4re ist eines unserer Hauptziele.<\/p>\n\n<p>Dieses Dokument erm\u00f6glicht Ihnen, unsere Datenschutzrichtlinie zu verstehen und wie Ihre personenbezogenen Daten bei der Nutzung unserer Dienstleistungen verarbeitet werden. Es gibt Ihnen au\u00dferdem die M\u00f6glichkeit, Ihre informierte Zustimmung zur Verarbeitung personenbezogener Daten zu erteilen, sofern dies auf der Website erforderlich ist. <\/p>\n\n<p>In den verschiedenen Bereichen der <strong>Website<\/strong>, in denen wir Ihre personenbezogenen Daten erheben, werden gem\u00e4\u00df Artikel 13 der EU-Verordnung 2016\/679 (im Folgenden \u201eVerordnung\u201c genannt) spezielle Hinweise ver\u00f6ffentlicht, die vor der Bereitstellung der angeforderten Daten unbedingt zu pr\u00fcfen sind.<\/p>\n\n<p>Die im Rahmen der Registrierung zu verschiedenen Diensten (wie Informationsanfragen, Beratung, Newsletter-Abonnement, Marketingaktivit\u00e4ten, Teilnahme an Veranstaltungen, kommerzielle Kommunikation) bereitgestellten oder erhobenen Informationen und Daten werden gem\u00e4\u00df der Verordnung und den Vertraulichkeitsverpflichtungen verarbeitet.<\/p>\n\n<h2>A) Zweck der Datenverarbeitung<\/h2>\n<p>Die erhobenen personenbezogenen Daten werden f\u00fcr Zwecke verarbeitet, die mit den T\u00e4tigkeiten des Datenverantwortlichen und seinen Dienstleistungen in Zusammenhang stehen, wie zum Beispiel:<\/p>\n<ul>\n    <li>Bereitstellung von Unterst\u00fctzung bei der Nutzung der Dienstleistungen und Verwaltung der Dienstleistungen selbst;<\/li>\n    <li>Versand von Mitteilungen zur Nutzung der Dienstleistungen;<\/li>\n    <li>Versand von kommerziellen Mitteilungen im Zusammenhang mit den T\u00e4tigkeiten des Datenverantwortlichen;<\/li>\n    <li>Nur mit ausdr\u00fccklicher Zustimmung: Versand von kommerziellen Mitteilungen im Zusammenhang mit Drittparteien (wenn keine ausdr\u00fcckliche Zustimmung erteilt wird, gilt diese als NICHT erteilt).<\/li>\n<\/ul>\n\n<h2>B) Art der Datenbereitstellung<\/h2>\n<p>Die Verarbeitung personenbezogener Daten f\u00fcr die oben genannten Zwecke ist f\u00fcr die Erbringung der Dienstleistungen erforderlich. Die Nichtbereitstellung der Daten kann dazu f\u00fchren, dass der Zugang zu den auf der Website angebotenen Dienstleistungen nicht m\u00f6glich ist. <\/p>\n\n<h2>C) Weitergabe von Daten<\/h2>\n<p>Personenbezogene Daten k\u00f6nnen weitergegeben werden an:<\/p>\n<ul>\n    <li>Verbundene oder Tochtergesellschaften f\u00fcr dieselben Zwecke;<\/li>\n    <li>\u00d6ffentliche oder private Stellen zur Erf\u00fcllung gesetzlicher Verpflichtungen;<\/li>\n    <li>Empf\u00e4nger au\u00dferhalb des Europ\u00e4ischen Wirtschaftsraums, unter Einhaltung der Verordnung durch Angemessenheitsbeschl\u00fcsse oder von der Europ\u00e4ischen Kommission genehmigte Standardvertragsklauseln.<\/li>\n<\/ul>\n\n<h2>D) Rechte der betroffenen Person<\/h2>\n<p>Die betroffene Person hat das Recht zu:<\/p>\n<ul>\n    <li>Best\u00e4tigung \u00fcber das Bestehen personenbezogener Daten, die sie betreffen, zu erhalten;<\/li>\n    <li>Informationen \u00fcber die Zwecke, Herkunft, Logik der Verarbeitung und beteiligte Stellen zu erhalten;<\/li>\n    <li>Die Aktualisierung, Berichtigung, Erg\u00e4nzung oder L\u00f6schung der Daten zu verlangen;<\/li>\n    <li>Widerspruch gegen die Verarbeitung zu Marketing- oder kommerziellen Kommunikationszwecken einlegen;<\/li>\n    <li>Beschwerde bei den Aufsichtsbeh\u00f6rden (Datenschutzbeh\u00f6rde) einreichen.<\/li>\n<\/ul>\n\n<h2>E) Speicherdauer der Daten<\/h2>\n<p>Die Daten werden nur f\u00fcr die zur Erreichung der angegebenen Zwecke erforderliche Zeit und innerhalb der von den geltenden Gesetzen festgelegten Fristen gespeichert:<\/p>\n<ul>\n    <li>Zu Informationszwecken werden die Daten bis zum Widerruf der Einwilligung oder bis zu drei Jahre nach der letzten Interaktion aufbewahrt;<\/li>\n    <li>Zur Erf\u00fcllung gesetzlicher Verpflichtungen werden die Daten bis zu sieben Jahre ab ihrer Entstehung aufbewahrt.<\/li>\n<\/ul>\n\t\t\t\t\t\t\t\t<\/div>\n\t\t\t\t<\/div>\n\t\t\t\t<\/div>\n\t\t","protected":false},"excerpt":{"rendered":"<p>Datenschutzerkl\u00e4rung Website: fabgroup.it Datenverantwortlicher: F.A.B. SRL Hauptsitz: Corso Mazzini, 36\/1 36071 Arzignano &#8211; VI &#8211; Italy Umsatzsteuer-Identifikationsnummer: 01966710244 Letzte Aktualisierung: 25. Mai 2018 Der Schutz Ihrer Privatsph\u00e4re ist eines unserer Hauptziele. Dieses Dokument erm\u00f6glicht Ihnen, unsere Datenschutzrichtlinie zu verstehen und wie Ihre personenbezogenen Daten bei der Nutzung unserer Dienstleistungen verarbeitet werden. Es gibt Ihnen au\u00dferdem [&hellip;]<\/p>\n","protected":false},"author":1,"featured_media":0,"parent":0,"menu_order":0,"comment_status":"closed","ping_status":"open","template":"","meta":{"inline_featured_image":false,"footnotes":""},"class_list":["post-4862","page","type-page","status-publish","hentry"],"yoast_head":"<!-- This site is optimized with the Yoast SEO plugin v27.3 - https:\/\/yoast.com\/product\/yoast-seo-wordpress\/ -->\n<title>Datenschutzerkl\u00e4rung | Fabgroup.it | Schutz personenbezogener Daten<\/title>\n<meta name=\"description\" content=\"Lesen Sie die Datenschutzerkl\u00e4rung von Fabgroup.it. Erfahren Sie, wie wir Ihre personenbezogenen Daten verarbeiten, zu welchen Zwecken dies erfolgt und welche Rechte Sie gem\u00e4\u00df der EU-Verordnung 2016\/679 (DSGVO) haben. Verwalten Sie Ihre Einwilligung und den Schutz Ihrer Privatsph\u00e4re.\" \/>\n<meta name=\"robots\" content=\"index, follow, max-snippet:-1, max-image-preview:large, max-video-preview:-1\" \/>\n<link rel=\"canonical\" href=\"https:\/\/fabgroup.it\/de\/datenschutzerklaerung\/\" \/>\n<meta property=\"og:locale\" content=\"de_DE\" \/>\n<meta property=\"og:type\" content=\"article\" \/>\n<meta property=\"og:title\" content=\"Datenschutzerkl\u00e4rung | Fabgroup.it | Schutz personenbezogener Daten\" \/>\n<meta property=\"og:description\" content=\"Lesen Sie die Datenschutzerkl\u00e4rung von Fabgroup.it. Erfahren Sie, wie wir Ihre personenbezogenen Daten verarbeiten, zu welchen Zwecken dies erfolgt und welche Rechte Sie gem\u00e4\u00df der EU-Verordnung 2016\/679 (DSGVO) haben. Verwalten Sie Ihre Einwilligung und den Schutz Ihrer Privatsph\u00e4re.\" \/>\n<meta property=\"og:url\" content=\"https:\/\/fabgroup.it\/de\/datenschutzerklaerung\/\" \/>\n<meta property=\"og:site_name\" content=\"Fab Group Srl\" \/>\n<meta property=\"article:modified_time\" content=\"2025-07-17T12:35:30+00:00\" \/>\n<meta name=\"twitter:card\" content=\"summary_large_image\" \/>\n<meta name=\"twitter:label1\" content=\"Gesch\u00e4tzte Lesezeit\" \/>\n\t<meta name=\"twitter:data1\" content=\"2\u00a0Minuten\" \/>\n<script type=\"application\/ld+json\" class=\"yoast-schema-graph\">{\"@context\":\"https:\\\/\\\/schema.org\",\"@graph\":[{\"@type\":\"WebPage\",\"@id\":\"https:\\\/\\\/fabgroup.it\\\/de\\\/datenschutzerklaerung\\\/\",\"url\":\"https:\\\/\\\/fabgroup.it\\\/de\\\/datenschutzerklaerung\\\/\",\"name\":\"Datenschutzerkl\u00e4rung | Fabgroup.it | Schutz personenbezogener Daten\",\"isPartOf\":{\"@id\":\"https:\\\/\\\/fabgroup.it\\\/de\\\/#website\"},\"datePublished\":\"2025-02-13T05:37:20+00:00\",\"dateModified\":\"2025-07-17T12:35:30+00:00\",\"description\":\"Lesen Sie die Datenschutzerkl\u00e4rung von Fabgroup.it. Erfahren Sie, wie wir Ihre personenbezogenen Daten verarbeiten, zu welchen Zwecken dies erfolgt und welche Rechte Sie gem\u00e4\u00df der EU-Verordnung 2016\\\/679 (DSGVO) haben. Verwalten Sie Ihre Einwilligung und den Schutz Ihrer Privatsph\u00e4re.\",\"breadcrumb\":{\"@id\":\"https:\\\/\\\/fabgroup.it\\\/de\\\/datenschutzerklaerung\\\/#breadcrumb\"},\"inLanguage\":\"de\",\"potentialAction\":[{\"@type\":\"ReadAction\",\"target\":[\"https:\\\/\\\/fabgroup.it\\\/de\\\/datenschutzerklaerung\\\/\"]}]},{\"@type\":\"BreadcrumbList\",\"@id\":\"https:\\\/\\\/fabgroup.it\\\/de\\\/datenschutzerklaerung\\\/#breadcrumb\",\"itemListElement\":[{\"@type\":\"ListItem\",\"position\":1,\"name\":\"Home\",\"item\":\"https:\\\/\\\/fabgroup.it\\\/de\\\/startseite\\\/\"},{\"@type\":\"ListItem\",\"position\":2,\"name\":\"Datenschutzerkl\u00e4rung\"}]},{\"@type\":\"WebSite\",\"@id\":\"https:\\\/\\\/fabgroup.it\\\/de\\\/#website\",\"url\":\"https:\\\/\\\/fabgroup.it\\\/de\\\/\",\"name\":\"Fab Group Srl\",\"description\":\"High-quality aluminum die casting for automotive, electric motors, and industrial sectors.\",\"potentialAction\":[{\"@type\":\"SearchAction\",\"target\":{\"@type\":\"EntryPoint\",\"urlTemplate\":\"https:\\\/\\\/fabgroup.it\\\/de\\\/?s={search_term_string}\"},\"query-input\":{\"@type\":\"PropertyValueSpecification\",\"valueRequired\":true,\"valueName\":\"search_term_string\"}}],\"inLanguage\":\"de\"}]}<\/script>\n<!-- \/ Yoast SEO plugin. -->","yoast_head_json":{"title":"Datenschutzerkl\u00e4rung | Fabgroup.it | Schutz personenbezogener Daten","description":"Lesen Sie die Datenschutzerkl\u00e4rung von Fabgroup.it. Erfahren Sie, wie wir Ihre personenbezogenen Daten verarbeiten, zu welchen Zwecken dies erfolgt und welche Rechte Sie gem\u00e4\u00df der EU-Verordnung 2016\/679 (DSGVO) haben. Verwalten Sie Ihre Einwilligung und den Schutz Ihrer Privatsph\u00e4re.","robots":{"index":"index","follow":"follow","max-snippet":"max-snippet:-1","max-image-preview":"max-image-preview:large","max-video-preview":"max-video-preview:-1"},"canonical":"https:\/\/fabgroup.it\/de\/datenschutzerklaerung\/","og_locale":"de_DE","og_type":"article","og_title":"Datenschutzerkl\u00e4rung | Fabgroup.it | Schutz personenbezogener Daten","og_description":"Lesen Sie die Datenschutzerkl\u00e4rung von Fabgroup.it. Erfahren Sie, wie wir Ihre personenbezogenen Daten verarbeiten, zu welchen Zwecken dies erfolgt und welche Rechte Sie gem\u00e4\u00df der EU-Verordnung 2016\/679 (DSGVO) haben. Verwalten Sie Ihre Einwilligung und den Schutz Ihrer Privatsph\u00e4re.","og_url":"https:\/\/fabgroup.it\/de\/datenschutzerklaerung\/","og_site_name":"Fab Group Srl","article_modified_time":"2025-07-17T12:35:30+00:00","twitter_card":"summary_large_image","twitter_misc":{"Gesch\u00e4tzte Lesezeit":"2\u00a0Minuten"},"schema":{"@context":"https:\/\/schema.org","@graph":[{"@type":"WebPage","@id":"https:\/\/fabgroup.it\/de\/datenschutzerklaerung\/","url":"https:\/\/fabgroup.it\/de\/datenschutzerklaerung\/","name":"Datenschutzerkl\u00e4rung | Fabgroup.it | Schutz personenbezogener Daten","isPartOf":{"@id":"https:\/\/fabgroup.it\/de\/#website"},"datePublished":"2025-02-13T05:37:20+00:00","dateModified":"2025-07-17T12:35:30+00:00","description":"Lesen Sie die Datenschutzerkl\u00e4rung von Fabgroup.it. Erfahren Sie, wie wir Ihre personenbezogenen Daten verarbeiten, zu welchen Zwecken dies erfolgt und welche Rechte Sie gem\u00e4\u00df der EU-Verordnung 2016\/679 (DSGVO) haben. Verwalten Sie Ihre Einwilligung und den Schutz Ihrer Privatsph\u00e4re.","breadcrumb":{"@id":"https:\/\/fabgroup.it\/de\/datenschutzerklaerung\/#breadcrumb"},"inLanguage":"de","potentialAction":[{"@type":"ReadAction","target":["https:\/\/fabgroup.it\/de\/datenschutzerklaerung\/"]}]},{"@type":"BreadcrumbList","@id":"https:\/\/fabgroup.it\/de\/datenschutzerklaerung\/#breadcrumb","itemListElement":[{"@type":"ListItem","position":1,"name":"Home","item":"https:\/\/fabgroup.it\/de\/startseite\/"},{"@type":"ListItem","position":2,"name":"Datenschutzerkl\u00e4rung"}]},{"@type":"WebSite","@id":"https:\/\/fabgroup.it\/de\/#website","url":"https:\/\/fabgroup.it\/de\/","name":"Fab Group Srl","description":"High-quality aluminum die casting for automotive, electric motors, and industrial sectors.","potentialAction":[{"@type":"SearchAction","target":{"@type":"EntryPoint","urlTemplate":"https:\/\/fabgroup.it\/de\/?s={search_term_string}"},"query-input":{"@type":"PropertyValueSpecification","valueRequired":true,"valueName":"search_term_string"}}],"inLanguage":"de"}]}},"_links":{"self":[{"href":"https:\/\/fabgroup.it\/de\/wp-json\/wp\/v2\/pages\/4862","targetHints":{"allow":["GET"]}}],"collection":[{"href":"https:\/\/fabgroup.it\/de\/wp-json\/wp\/v2\/pages"}],"about":[{"href":"https:\/\/fabgroup.it\/de\/wp-json\/wp\/v2\/types\/page"}],"author":[{"embeddable":true,"href":"https:\/\/fabgroup.it\/de\/wp-json\/wp\/v2\/users\/1"}],"replies":[{"embeddable":true,"href":"https:\/\/fabgroup.it\/de\/wp-json\/wp\/v2\/comments?post=4862"}],"version-history":[{"count":3,"href":"https:\/\/fabgroup.it\/de\/wp-json\/wp\/v2\/pages\/4862\/revisions"}],"predecessor-version":[{"id":4866,"href":"https:\/\/fabgroup.it\/de\/wp-json\/wp\/v2\/pages\/4862\/revisions\/4866"}],"wp:attachment":[{"href":"https:\/\/fabgroup.it\/de\/wp-json\/wp\/v2\/media?parent=4862"}],"curies":[{"name":"wp","href":"https:\/\/api.w.org\/{rel}","templated":true}]}}